{"id":3305,"date":"2020-01-17T18:13:38","date_gmt":"2020-01-17T18:13:38","guid":{"rendered":"https:\/\/goya.everthemes.com\/demo-basic\/?page_id=3305"},"modified":"2025-08-16T00:07:48","modified_gmt":"2025-08-16T00:07:48","slug":"empresa","status":"publish","type":"page","link":"https:\/\/vitaliaspas.com.mx\/oficial\/empresa\/","title":{"rendered":"Empresa"},"content":{"rendered":"[vc_row et_full_width=&#8221;true&#8221; et_row_padding=&#8221;true&#8221; et_column_align=&#8221;align-center&#8221; parallax=&#8221;content-moving&#8221;][vc_column et_column_color=&#8221;et-light-column&#8221;]\r\n\t\t<div class=\"et-banner-69ea2dc670ada et-banner content-full  image-type-css vh-height text-color-light hover-effect hover-zoom \"><div class=\"et-banner-image\" role=\"img\" aria-label=\"xp3a\" data-image=\"https:\/\/vitaliaspas.com.mx\/oficial\/wp-content\/uploads\/2025\/08\/xp3a.jpg\" style=\"background-image: url(https:\/\/vitaliaspas.com.mx\/oficial\/wp-content\/uploads\/2025\/08\/xp3a.jpg);\"><\/div>\r\n\t\t\t<div class=\"et-banner-content\">\r\n\t\t\t\t<div class=\"et-banner-content-inner container\">\r\n\t\t\t\t\t<div class=\"et-banner-text h_center v_center align_center\">\r\n\t\t\t\t\t\t<div class=\"et-banner-text-inner animated\" data-animate=\"et-fadeInUp\"><h2 class=\"et-banner-title color- xlarge\">\u200e<\/h2><h4 class=\"et-banner-subtitle  color- text_style\">Vitalia Spas<\/h4><div class=\"et-banner-paragraph\">Empresa 100% Mexicana comprometida con la excelencia y calidad en todos sus productos.<\/div><\/div>\r\n\t\t\t\t\t<\/div>\r\n\t\t\t\t<\/div>\r\n\t\t\t<\/div>\r\n\t\t<\/div>[\/vc_column][\/vc_row][vc_row][vc_column][vc_empty_space][vc_column_text]\n<h2>Nuestra Empresa<\/h2>\n[\/vc_column_text][vc_column_text]\n<div class=\"fusion-text\">\n<p><strong>VITALIA SPAS <\/strong><span style=\"font-weight: 400;\">es una empresa mexicana con m\u00e1s de 10 a\u00f1os de trayectoria, especializada en tinas y spas de primer nivel. Somos fabricantes de nuestros propios productos, lo que nos ha permitido competir de manera significativa con opciones internacionales que suelen ser excesivamente costosas.<\/span><\/p>\n<p><span style=\"font-weight: 400;\">Decidimos incursionar en el mundo de los spas ante la alta demanda de nuestros clientes selectos, creando productos que se comparan con cualquiera a nivel internacional. Nuestras estrictas pol\u00edticas de calidad nos consolidan como una opci\u00f3n confiable para adquirir un spa.<\/span><\/p>\n<p><span style=\"font-weight: 400;\">Cada componente de nuestros spas es cuidadosamente seleccionado, garantizando un funcionamiento que supera las expectativas de nuestros clientes.<\/span><\/p>\n<\/div>\n[\/vc_column_text][\/vc_column][\/vc_row][vc_row][vc_column width=&#8221;3\/4&#8243;][vc_column_text]\n<h4 class=\"vc_custom_heading\">Misi\u00f3n<\/h4>\n[\/vc_column_text][vc_column_text]Ofrecer a nuestros clientes la tranquilidad de adquirir el spa deseado con la empresa adecuada, brind\u00e1ndoles no s\u00f3lo un producto impulsado por la m\u00e1s alta tecnolog\u00eda, si no tambi\u00e9n un servicio de venta y post venta inmejorables que excedan las expectativas de calidad.[\/vc_column_text][vc_column_text]\n<h4 class=\"vc_custom_heading\">Visi\u00f3n<\/h4>\n[\/vc_column_text][vc_column_text]Ser por excelencia, la compa\u00f1\u00eda mexicana l\u00edder en fabricaci\u00f3n y servicio de Spas, manteni\u00e9ndonos en una constante evoluci\u00f3n que permita el enriquecimiento de nuestro cat\u00e1logo con productos y servicios de primera clase.[\/vc_column_text][vc_column_text]\n<h4 class=\"vc_custom_heading\">Medio Ambiente<\/h4>\n[\/vc_column_text][vc_column_text]El cuidado del medio ambiente no es una tendencia, es una necesidad de car\u00e1cter urgente y prioritario. En Vitalia Spas nos regimos por una pol\u00edtica ambiental estricta, con el objeto de tomar las decisiones m\u00e1s inteligentes y responsables para nuestro entorno.<\/p>\n<p>Estamos orgullosos de nuestros productos fabricados con sistemas que permiten una recuperaci\u00f3n de calor, motores altamente eficientes de bajo consumo energ\u00e9tico, con el uso de resinas especiales y nuevos materiales ecol\u00f3gicos; de nuestros procesos de fabricaci\u00f3n dise\u00f1ados tomando en cuenta la reducci\u00f3n de residuos y excedentes en materiales; as\u00ed como de nuestra ingenier\u00eda de punta que permite el mejoramiento de procesos de manufactura que aseguren un medio ambiente saludable para nuestros clientes y colaboradores.[\/vc_column_text][\/vc_column][vc_column width=&#8221;1\/4&#8243;]\t<div id=\"et-image-slider-836\" class=\"et-image-slider slick slick-slider slick-dotted slick-dots-centered centered   \" data-adaptive-height=\"false\" variable-width=\"true\" data-pagination=\"true\" data-navigation=\"\" data-center=\"\" data-fade=\"\" data-columns=\"1\" data-infinite=\"false\" data-autoplay=\"true\" data-autoplay-speed=\"\" data-pause=\"\">\n\t\t\n\t\t\t\t\t<div class=\"gallery-item\">\n\t\t\t\t\t\t\t\t\t\t\t\t\t<div class=\"et-image-inner\">\n\t\t\t\t\t\t\t\t<div class=\"et_image_slider-wrapper\"><img loading=\"lazy\" decoding=\"async\" width=\"800\" height=\"1200\" src=\"https:\/\/vitaliaspas.com.mx\/oficial\/wp-content\/uploads\/2025\/08\/xp_0000_DSC00346.jpg\" class=\"et_image_slider-img attachment-full\" alt=\"\" title=\"xp_0000_DSC00346\" srcset=\"https:\/\/vitaliaspas.com.mx\/oficial\/wp-content\/uploads\/2025\/08\/xp_0000_DSC00346.jpg 800w, https:\/\/vitaliaspas.com.mx\/oficial\/wp-content\/uploads\/2025\/08\/xp_0000_DSC00346-200x300.jpg 200w, https:\/\/vitaliaspas.com.mx\/oficial\/wp-content\/uploads\/2025\/08\/xp_0000_DSC00346-683x1024.jpg 683w, https:\/\/vitaliaspas.com.mx\/oficial\/wp-content\/uploads\/2025\/08\/xp_0000_DSC00346-768x1152.jpg 768w, https:\/\/vitaliaspas.com.mx\/oficial\/wp-content\/uploads\/2025\/08\/xp_0000_DSC00346-100x150.jpg 100w\" sizes=\"auto, (max-width: 800px) 100vw, 800px\" \/><\/div>\t\t\t\t\t\t\t\t\t\t\t\t\t\t\t<\/div>\n\t\t\t\t\t\t\t\t\t\t\t<\/div>\n\t\t\t\t\n\t\t\t\t\n\t\t\t\t\t<div class=\"gallery-item\">\n\t\t\t\t\t\t\t\t\t\t\t\t\t<div class=\"et-image-inner\">\n\t\t\t\t\t\t\t\t<div class=\"et_image_slider-wrapper\"><img loading=\"lazy\" decoding=\"async\" width=\"800\" height=\"1200\" src=\"https:\/\/vitaliaspas.com.mx\/oficial\/wp-content\/uploads\/2025\/08\/xp_0004_DSC00298.jpg\" class=\"et_image_slider-img attachment-full\" alt=\"\" title=\"xp_0004_DSC00298\" srcset=\"https:\/\/vitaliaspas.com.mx\/oficial\/wp-content\/uploads\/2025\/08\/xp_0004_DSC00298.jpg 800w, https:\/\/vitaliaspas.com.mx\/oficial\/wp-content\/uploads\/2025\/08\/xp_0004_DSC00298-200x300.jpg 200w, https:\/\/vitaliaspas.com.mx\/oficial\/wp-content\/uploads\/2025\/08\/xp_0004_DSC00298-683x1024.jpg 683w, https:\/\/vitaliaspas.com.mx\/oficial\/wp-content\/uploads\/2025\/08\/xp_0004_DSC00298-768x1152.jpg 768w, https:\/\/vitaliaspas.com.mx\/oficial\/wp-content\/uploads\/2025\/08\/xp_0004_DSC00298-100x150.jpg 100w\" sizes=\"auto, (max-width: 800px) 100vw, 800px\" \/><\/div>\t\t\t\t\t\t\t\t\t\t\t\t\t\t\t<\/div>\n\t\t\t\t\t\t\t\t\t\t\t<\/div>\n\t\t\t\t\n\t\t\t\t\n\t\t\t\t\t<div class=\"gallery-item\">\n\t\t\t\t\t\t\t\t\t\t\t\t\t<div class=\"et-image-inner\">\n\t\t\t\t\t\t\t\t<div class=\"et_image_slider-wrapper\"><img loading=\"lazy\" decoding=\"async\" width=\"800\" height=\"1200\" src=\"https:\/\/vitaliaspas.com.mx\/oficial\/wp-content\/uploads\/2025\/08\/xp_0003_DSC00300.jpg\" class=\"et_image_slider-img attachment-full\" alt=\"\" title=\"xp_0003_DSC00300\" srcset=\"https:\/\/vitaliaspas.com.mx\/oficial\/wp-content\/uploads\/2025\/08\/xp_0003_DSC00300.jpg 800w, https:\/\/vitaliaspas.com.mx\/oficial\/wp-content\/uploads\/2025\/08\/xp_0003_DSC00300-200x300.jpg 200w, https:\/\/vitaliaspas.com.mx\/oficial\/wp-content\/uploads\/2025\/08\/xp_0003_DSC00300-683x1024.jpg 683w, https:\/\/vitaliaspas.com.mx\/oficial\/wp-content\/uploads\/2025\/08\/xp_0003_DSC00300-768x1152.jpg 768w, https:\/\/vitaliaspas.com.mx\/oficial\/wp-content\/uploads\/2025\/08\/xp_0003_DSC00300-100x150.jpg 100w\" sizes=\"auto, (max-width: 800px) 100vw, 800px\" \/><\/div>\t\t\t\t\t\t\t\t\t\t\t\t\t\t\t<\/div>\n\t\t\t\t\t\t\t\t\t\t\t<\/div>\n\t\t\t\t\n\t\t\t\t\n\t\t\t\t\t<div class=\"gallery-item\">\n\t\t\t\t\t\t\t\t\t\t\t\t\t<div class=\"et-image-inner\">\n\t\t\t\t\t\t\t\t<div class=\"et_image_slider-wrapper\"><img loading=\"lazy\" decoding=\"async\" width=\"800\" height=\"1200\" src=\"https:\/\/vitaliaspas.com.mx\/oficial\/wp-content\/uploads\/2025\/08\/xp_0002_DSC00301.jpg\" class=\"et_image_slider-img attachment-full\" alt=\"\" title=\"xp_0002_DSC00301\" srcset=\"https:\/\/vitaliaspas.com.mx\/oficial\/wp-content\/uploads\/2025\/08\/xp_0002_DSC00301.jpg 800w, https:\/\/vitaliaspas.com.mx\/oficial\/wp-content\/uploads\/2025\/08\/xp_0002_DSC00301-200x300.jpg 200w, https:\/\/vitaliaspas.com.mx\/oficial\/wp-content\/uploads\/2025\/08\/xp_0002_DSC00301-683x1024.jpg 683w, https:\/\/vitaliaspas.com.mx\/oficial\/wp-content\/uploads\/2025\/08\/xp_0002_DSC00301-768x1152.jpg 768w, https:\/\/vitaliaspas.com.mx\/oficial\/wp-content\/uploads\/2025\/08\/xp_0002_DSC00301-100x150.jpg 100w\" sizes=\"auto, (max-width: 800px) 100vw, 800px\" \/><\/div>\t\t\t\t\t\t\t\t\t\t\t\t\t\t\t<\/div>\n\t\t\t\t\t\t\t\t\t\t\t<\/div>\n\t\t\t\t\n\t\t\t\t\n\t\t\t\t\t<div class=\"gallery-item\">\n\t\t\t\t\t\t\t\t\t\t\t\t\t<div class=\"et-image-inner\">\n\t\t\t\t\t\t\t\t<div class=\"et_image_slider-wrapper\"><img loading=\"lazy\" decoding=\"async\" width=\"800\" height=\"1200\" src=\"https:\/\/vitaliaspas.com.mx\/oficial\/wp-content\/uploads\/2025\/08\/xp_0001_DSC00306.jpg\" class=\"et_image_slider-img attachment-full\" alt=\"\" title=\"xp_0001_DSC00306\" srcset=\"https:\/\/vitaliaspas.com.mx\/oficial\/wp-content\/uploads\/2025\/08\/xp_0001_DSC00306.jpg 800w, https:\/\/vitaliaspas.com.mx\/oficial\/wp-content\/uploads\/2025\/08\/xp_0001_DSC00306-200x300.jpg 200w, https:\/\/vitaliaspas.com.mx\/oficial\/wp-content\/uploads\/2025\/08\/xp_0001_DSC00306-683x1024.jpg 683w, https:\/\/vitaliaspas.com.mx\/oficial\/wp-content\/uploads\/2025\/08\/xp_0001_DSC00306-768x1152.jpg 768w, https:\/\/vitaliaspas.com.mx\/oficial\/wp-content\/uploads\/2025\/08\/xp_0001_DSC00306-100x150.jpg 100w\" sizes=\"auto, (max-width: 800px) 100vw, 800px\" \/><\/div>\t\t\t\t\t\t\t\t\t\t\t\t\t\t\t<\/div>\n\t\t\t\t\t\t\t\t\t\t\t<\/div>\n\t\t\t\t\n\t\t\t\t\t<\/div>\n\t[\/vc_column][\/vc_row]\n","protected":false},"excerpt":{"rendered":"<p>[vc_row et_full_width=&#8221;true&#8221; et_row_padding=&#8221;true&#8221; et_column_align=&#8221;align-center&#8221; parallax=&#8221;content-moving&#8221;][vc_column et_column_color=&#8221;et-light-column&#8221;][\/vc_column][\/vc_row][vc_row][vc_column][vc_empty_space][vc_column_text] Nuestra Empresa [\/vc_column_text][vc_column_text] VITALIA SPAS es una empresa mexicana con m\u00e1s de 10 a\u00f1os de trayectoria, especializada en tinas y spas de primer nivel. Somos fabricantes de nuestros propios productos, lo que nos ha permitido competir de manera significativa con opciones internacionales que suelen&hellip;<\/p>\n","protected":false},"author":1,"featured_media":0,"parent":0,"menu_order":0,"comment_status":"closed","ping_status":"closed","template":"","meta":{"footnotes":""},"class_list":["post-3305","page","type-page","status-publish","hentry"],"_links":{"self":[{"href":"https:\/\/vitaliaspas.com.mx\/oficial\/wp-json\/wp\/v2\/pages\/3305","targetHints":{"allow":["GET"]}}],"collection":[{"href":"https:\/\/vitaliaspas.com.mx\/oficial\/wp-json\/wp\/v2\/pages"}],"about":[{"href":"https:\/\/vitaliaspas.com.mx\/oficial\/wp-json\/wp\/v2\/types\/page"}],"author":[{"embeddable":true,"href":"https:\/\/vitaliaspas.com.mx\/oficial\/wp-json\/wp\/v2\/users\/1"}],"replies":[{"embeddable":true,"href":"https:\/\/vitaliaspas.com.mx\/oficial\/wp-json\/wp\/v2\/comments?post=3305"}],"version-history":[{"count":12,"href":"https:\/\/vitaliaspas.com.mx\/oficial\/wp-json\/wp\/v2\/pages\/3305\/revisions"}],"predecessor-version":[{"id":3884,"href":"https:\/\/vitaliaspas.com.mx\/oficial\/wp-json\/wp\/v2\/pages\/3305\/revisions\/3884"}],"wp:attachment":[{"href":"https:\/\/vitaliaspas.com.mx\/oficial\/wp-json\/wp\/v2\/media?parent=3305"}],"curies":[{"name":"wp","href":"https:\/\/api.w.org\/{rel}","templated":true}]}}